{"id":2,"date":"2022-11-17T10:11:41","date_gmt":"2022-11-17T09:11:41","guid":{"rendered":"http:\/\/larondedessources.fr\/?page_id=2"},"modified":"2026-03-24T19:31:18","modified_gmt":"2026-03-24T18:31:18","slug":"page-d-exemple","status":"publish","type":"page","link":"https:\/\/larondedessources.fr\/","title":{"rendered":"Accueil"},"content":{"rendered":"&nbsp;\r\n\r\nVENDREDI 30 AOUT\r\n\r\nA Saint-Amand , les champions reviennent : deuxi\u00e8me RONDE des SOURCES\r\n\r\nDepuis septembre dernier, notre \u00e9quipe de passionn\u00e9s pr\u00e9pare la deuxi\u00e8me \u00e9dition de notre crit\u00e9rium. Nous travaillons avec la ville de Saint-Amand et tous nos partenaires pour faire de cette journ\u00e9e une f\u00eate sportive \u00e9patante. Nous sommes en n\u00e9gociation avec des grands noms du peloton,. D&rsquo;ici peu, nous serons en mesure de vous en dire davantage.\r\nLe d\u00e9part du crit\u00e9rium sera donn\u00e9 Grand Place, au pied de la Tour \u00e0 17 h 30.\r\n\r\n","protected":false},"excerpt":{"rendered":"<p>&nbsp; VENDREDI 30 AOUT A Saint-Amand , les champions reviennent : deuxi\u00e8me RONDE des SOURCES Depuis septembre dernier, notre \u00e9quipe de passionn\u00e9s pr\u00e9pare la deuxi\u00e8me \u00e9dition de notre crit\u00e9rium. Nous travaillons avec la ville de Saint-Amand et tous nos partenaires pour faire de cette journ\u00e9e une f\u00eate sportive \u00e9patante. Nous sommes en n\u00e9gociation avec des [&hellip;]<\/p>\n","protected":false},"author":1,"featured_media":0,"parent":0,"menu_order":0,"comment_status":"closed","ping_status":"open","template":"","meta":{"_et_pb_use_builder":"off","_et_pb_old_content":"","_et_gb_content_width":"","inline_featured_image":false,"footnotes":""},"class_list":["post-2","page","type-page","status-publish","hentry"],"_links":{"self":[{"href":"https:\/\/larondedessources.fr\/index.php\/wp-json\/wp\/v2\/pages\/2","targetHints":{"allow":["GET"]}}],"collection":[{"href":"https:\/\/larondedessources.fr\/index.php\/wp-json\/wp\/v2\/pages"}],"about":[{"href":"https:\/\/larondedessources.fr\/index.php\/wp-json\/wp\/v2\/types\/page"}],"author":[{"embeddable":true,"href":"https:\/\/larondedessources.fr\/index.php\/wp-json\/wp\/v2\/users\/1"}],"replies":[{"embeddable":true,"href":"https:\/\/larondedessources.fr\/index.php\/wp-json\/wp\/v2\/comments?post=2"}],"version-history":[{"count":103,"href":"https:\/\/larondedessources.fr\/index.php\/wp-json\/wp\/v2\/pages\/2\/revisions"}],"predecessor-version":[{"id":712,"href":"https:\/\/larondedessources.fr\/index.php\/wp-json\/wp\/v2\/pages\/2\/revisions\/712"}],"wp:attachment":[{"href":"https:\/\/larondedessources.fr\/index.php\/wp-json\/wp\/v2\/media?parent=2"}],"curies":[{"name":"wp","href":"https:\/\/api.w.org\/{rel}","templated":true}]}}